{"id":8952,"date":"2023-02-24T09:34:17","date_gmt":"2023-02-24T09:34:17","guid":{"rendered":"https:\/\/spainuscc.org\/home\/"},"modified":"2026-03-11T17:00:09","modified_gmt":"2026-03-11T21:00:09","slug":"home","status":"publish","type":"page","link":"https:\/\/spainuscc.org\/es\/","title":{"rendered":"Home"},"content":{"rendered":"","protected":false},"excerpt":{"rendered":"","protected":false},"author":334,"featured_media":0,"parent":0,"menu_order":0,"comment_status":"closed","ping_status":"closed","template":"page-home.php","meta":{"_acf_changed":false,"footnotes":""},"acf":[],"yoast_head":"<!-- This site is optimized with the Yoast SEO plugin v22.5 - https:\/\/yoast.com\/wordpress\/plugins\/seo\/ -->\n<title>C\u00e1mara de Comercio Espa\u00f1a Estados Unidos<\/title>\n<meta name=\"description\" content=\"Construyendo conexiones y fomentando el crecimiento empresarial. En la C\u00e1mara de Comercio Espa\u00f1a-EEUU proporcionamos a nuestros socios oportunidades de negocio.\" \/>\n<meta name=\"robots\" content=\"index, follow, max-snippet:-1, max-image-preview:large, max-video-preview:-1\" \/>\n<link rel=\"canonical\" href=\"https:\/\/spainuscc.org\/es\/\" \/>\n<meta property=\"og:locale\" content=\"es_ES\" \/>\n<meta property=\"og:type\" content=\"article\" \/>\n<meta property=\"og:title\" content=\"C\u00e1mara de Comercio Espa\u00f1a Estados Unidos\" \/>\n<meta property=\"og:description\" content=\"Construyendo conexiones y fomentando el crecimiento empresarial. En la C\u00e1mara de Comercio Espa\u00f1a-EEUU proporcionamos a nuestros socios oportunidades de negocio.\" \/>\n<meta property=\"og:url\" content=\"https:\/\/spainuscc.org\/es\/\" \/>\n<meta property=\"og:site_name\" content=\"Spain-U.S. Chamber of Commerce\" \/>\n<meta property=\"article:publisher\" content=\"https:\/\/www.facebook.com\/spainuschamberofcommerce\/\" \/>\n<meta property=\"article:modified_time\" content=\"2026-03-11T21:00:09+00:00\" \/>\n<meta name=\"twitter:card\" content=\"summary_large_image\" \/>\n<meta name=\"twitter:site\" content=\"@spainuschamber\" \/>\n<script type=\"application\/ld+json\" class=\"yoast-schema-graph\">{\"@context\":\"https:\/\/schema.org\",\"@graph\":[{\"@type\":\"WebPage\",\"@id\":\"https:\/\/spainuscc.org\/es\/\",\"url\":\"https:\/\/spainuscc.org\/es\/\",\"name\":\"C\u00e1mara de Comercio Espa\u00f1a Estados Unidos\",\"isPartOf\":{\"@id\":\"https:\/\/spainuscc.org\/#website\"},\"datePublished\":\"2023-02-24T09:34:17+00:00\",\"dateModified\":\"2026-03-11T21:00:09+00:00\",\"description\":\"Construyendo conexiones y fomentando el crecimiento empresarial. En la C\u00e1mara de Comercio Espa\u00f1a-EEUU proporcionamos a nuestros socios oportunidades de negocio.\",\"breadcrumb\":{\"@id\":\"https:\/\/spainuscc.org\/es\/#breadcrumb\"},\"inLanguage\":\"es\",\"potentialAction\":[{\"@type\":\"ReadAction\",\"target\":[\"https:\/\/spainuscc.org\/es\/\"]}]},{\"@type\":\"BreadcrumbList\",\"@id\":\"https:\/\/spainuscc.org\/es\/#breadcrumb\",\"itemListElement\":[{\"@type\":\"ListItem\",\"position\":1,\"name\":\"Portada\",\"item\":\"https:\/\/spainuscc.org\/es\/\"},{\"@type\":\"ListItem\",\"position\":2,\"name\":\"Home\"}]},{\"@type\":\"WebSite\",\"@id\":\"https:\/\/spainuscc.org\/#website\",\"url\":\"https:\/\/spainuscc.org\/\",\"name\":\"Spain-U.S. Chamber of Commerce\",\"description\":\"We provide our members with practical, measurable business-expansion opportunities by delivering high-caliber networking and targeted-marketing platforms and events.\",\"potentialAction\":[{\"@type\":\"SearchAction\",\"target\":{\"@type\":\"EntryPoint\",\"urlTemplate\":\"https:\/\/spainuscc.org\/?s={search_term_string}\"},\"query-input\":\"required name=search_term_string\"}],\"inLanguage\":\"es\"}]}<\/script>\n<!-- \/ Yoast SEO plugin. -->","yoast_head_json":{"title":"C\u00e1mara de Comercio Espa\u00f1a Estados Unidos","description":"Construyendo conexiones y fomentando el crecimiento empresarial. En la C\u00e1mara de Comercio Espa\u00f1a-EEUU proporcionamos a nuestros socios oportunidades de negocio.","robots":{"index":"index","follow":"follow","max-snippet":"max-snippet:-1","max-image-preview":"max-image-preview:large","max-video-preview":"max-video-preview:-1"},"canonical":"https:\/\/spainuscc.org\/es\/","og_locale":"es_ES","og_type":"article","og_title":"C\u00e1mara de Comercio Espa\u00f1a Estados Unidos","og_description":"Construyendo conexiones y fomentando el crecimiento empresarial. En la C\u00e1mara de Comercio Espa\u00f1a-EEUU proporcionamos a nuestros socios oportunidades de negocio.","og_url":"https:\/\/spainuscc.org\/es\/","og_site_name":"Spain-U.S. Chamber of Commerce","article_publisher":"https:\/\/www.facebook.com\/spainuschamberofcommerce\/","article_modified_time":"2026-03-11T21:00:09+00:00","twitter_card":"summary_large_image","twitter_site":"@spainuschamber","schema":{"@context":"https:\/\/schema.org","@graph":[{"@type":"WebPage","@id":"https:\/\/spainuscc.org\/es\/","url":"https:\/\/spainuscc.org\/es\/","name":"C\u00e1mara de Comercio Espa\u00f1a Estados Unidos","isPartOf":{"@id":"https:\/\/spainuscc.org\/#website"},"datePublished":"2023-02-24T09:34:17+00:00","dateModified":"2026-03-11T21:00:09+00:00","description":"Construyendo conexiones y fomentando el crecimiento empresarial. En la C\u00e1mara de Comercio Espa\u00f1a-EEUU proporcionamos a nuestros socios oportunidades de negocio.","breadcrumb":{"@id":"https:\/\/spainuscc.org\/es\/#breadcrumb"},"inLanguage":"es","potentialAction":[{"@type":"ReadAction","target":["https:\/\/spainuscc.org\/es\/"]}]},{"@type":"BreadcrumbList","@id":"https:\/\/spainuscc.org\/es\/#breadcrumb","itemListElement":[{"@type":"ListItem","position":1,"name":"Portada","item":"https:\/\/spainuscc.org\/es\/"},{"@type":"ListItem","position":2,"name":"Home"}]},{"@type":"WebSite","@id":"https:\/\/spainuscc.org\/#website","url":"https:\/\/spainuscc.org\/","name":"Spain-U.S. Chamber of Commerce","description":"We provide our members with practical, measurable business-expansion opportunities by delivering high-caliber networking and targeted-marketing platforms and events.","potentialAction":[{"@type":"SearchAction","target":{"@type":"EntryPoint","urlTemplate":"https:\/\/spainuscc.org\/?s={search_term_string}"},"query-input":"required name=search_term_string"}],"inLanguage":"es"}]}},"_links":{"self":[{"href":"https:\/\/spainuscc.org\/es\/wp-json\/wp\/v2\/pages\/8952"}],"collection":[{"href":"https:\/\/spainuscc.org\/es\/wp-json\/wp\/v2\/pages"}],"about":[{"href":"https:\/\/spainuscc.org\/es\/wp-json\/wp\/v2\/types\/page"}],"author":[{"embeddable":true,"href":"https:\/\/spainuscc.org\/es\/wp-json\/wp\/v2\/users\/334"}],"replies":[{"embeddable":true,"href":"https:\/\/spainuscc.org\/es\/wp-json\/wp\/v2\/comments?post=8952"}],"version-history":[{"count":50,"href":"https:\/\/spainuscc.org\/es\/wp-json\/wp\/v2\/pages\/8952\/revisions"}],"predecessor-version":[{"id":68344,"href":"https:\/\/spainuscc.org\/es\/wp-json\/wp\/v2\/pages\/8952\/revisions\/68344"}],"wp:attachment":[{"href":"https:\/\/spainuscc.org\/es\/wp-json\/wp\/v2\/media?parent=8952"}],"curies":[{"name":"wp","href":"https:\/\/api.w.org\/{rel}","templated":true}]}}