{"id":8585,"date":"2023-04-03T07:26:10","date_gmt":"2023-04-03T07:26:10","guid":{"rendered":"https:\/\/spainuscc.org\/informacion-de-mercado\/"},"modified":"2024-04-05T16:55:25","modified_gmt":"2024-04-05T16:55:25","slug":"informacion-de-mercado","status":"publish","type":"page","link":"https:\/\/spainuscc.org\/es\/servicios\/informacion-de-mercado\/","title":{"rendered":"Informaci\u00f3n de Mercado"},"content":{"rendered":"","protected":false},"excerpt":{"rendered":"","protected":false},"author":334,"featured_media":6457,"parent":8591,"menu_order":0,"comment_status":"closed","ping_status":"closed","template":"page-2col.php","meta":{"_acf_changed":false,"footnotes":""},"acf":[],"yoast_head":"<!-- This site is optimized with the Yoast SEO plugin v22.5 - https:\/\/yoast.com\/wordpress\/plugins\/seo\/ -->\n<title>Informaci\u00f3n de Mercado - Spain-U.S. Chamber of Commerce<\/title>\n<meta name=\"description\" content=\"Informaci\u00f3n y Asesoramiento sobre los Mercados Espa\u00f1ol y Estadounidense. Re\u00fanase con la Spain US Chamber of Commerce para Crear Oportunidades de Negocio.\" \/>\n<meta name=\"robots\" content=\"index, follow, max-snippet:-1, max-image-preview:large, max-video-preview:-1\" \/>\n<link rel=\"canonical\" href=\"https:\/\/spainuscc.org\/es\/servicios\/informacion-de-mercado\/\" \/>\n<meta property=\"og:locale\" content=\"es_ES\" \/>\n<meta property=\"og:type\" content=\"article\" \/>\n<meta property=\"og:title\" content=\"Informaci\u00f3n de Mercado - Spain-U.S. Chamber of Commerce\" \/>\n<meta property=\"og:description\" content=\"Informaci\u00f3n y Asesoramiento sobre los Mercados Espa\u00f1ol y Estadounidense. Re\u00fanase con la Spain US Chamber of Commerce para Crear Oportunidades de Negocio.\" \/>\n<meta property=\"og:url\" content=\"https:\/\/spainuscc.org\/es\/servicios\/informacion-de-mercado\/\" \/>\n<meta property=\"og:site_name\" content=\"Spain-U.S. Chamber of Commerce\" \/>\n<meta property=\"article:publisher\" content=\"https:\/\/www.facebook.com\/spainuschamberofcommerce\/\" \/>\n<meta property=\"article:modified_time\" content=\"2024-04-05T16:55:25+00:00\" \/>\n<meta property=\"og:image\" content=\"https:\/\/spainuscc.org\/wp-content\/uploads\/2023\/12\/Market-Information.jpg\" \/>\n\t<meta property=\"og:image:width\" content=\"1500\" \/>\n\t<meta property=\"og:image:height\" content=\"844\" \/>\n\t<meta property=\"og:image:type\" content=\"image\/jpeg\" \/>\n<meta name=\"twitter:card\" content=\"summary_large_image\" \/>\n<meta name=\"twitter:site\" content=\"@spainuschamber\" \/>\n<script type=\"application\/ld+json\" class=\"yoast-schema-graph\">{\"@context\":\"https:\/\/schema.org\",\"@graph\":[{\"@type\":\"WebPage\",\"@id\":\"https:\/\/spainuscc.org\/es\/servicios\/informacion-de-mercado\/\",\"url\":\"https:\/\/spainuscc.org\/es\/servicios\/informacion-de-mercado\/\",\"name\":\"Informaci\u00f3n de Mercado - Spain-U.S. Chamber of Commerce\",\"isPartOf\":{\"@id\":\"https:\/\/spainuscc.org\/#website\"},\"primaryImageOfPage\":{\"@id\":\"https:\/\/spainuscc.org\/es\/servicios\/informacion-de-mercado\/#primaryimage\"},\"image\":{\"@id\":\"https:\/\/spainuscc.org\/es\/servicios\/informacion-de-mercado\/#primaryimage\"},\"thumbnailUrl\":\"https:\/\/spainuscc.org\/wp-content\/uploads\/2023\/12\/Market-Information.jpg\",\"datePublished\":\"2023-04-03T07:26:10+00:00\",\"dateModified\":\"2024-04-05T16:55:25+00:00\",\"description\":\"Informaci\u00f3n y Asesoramiento sobre los Mercados Espa\u00f1ol y Estadounidense. Re\u00fanase con la Spain US Chamber of Commerce para Crear Oportunidades de Negocio.\",\"breadcrumb\":{\"@id\":\"https:\/\/spainuscc.org\/es\/servicios\/informacion-de-mercado\/#breadcrumb\"},\"inLanguage\":\"es\",\"potentialAction\":[{\"@type\":\"ReadAction\",\"target\":[\"https:\/\/spainuscc.org\/es\/servicios\/informacion-de-mercado\/\"]}]},{\"@type\":\"ImageObject\",\"inLanguage\":\"es\",\"@id\":\"https:\/\/spainuscc.org\/es\/servicios\/informacion-de-mercado\/#primaryimage\",\"url\":\"https:\/\/spainuscc.org\/wp-content\/uploads\/2023\/12\/Market-Information.jpg\",\"contentUrl\":\"https:\/\/spainuscc.org\/wp-content\/uploads\/2023\/12\/Market-Information.jpg\",\"width\":1500,\"height\":844},{\"@type\":\"BreadcrumbList\",\"@id\":\"https:\/\/spainuscc.org\/es\/servicios\/informacion-de-mercado\/#breadcrumb\",\"itemListElement\":[{\"@type\":\"ListItem\",\"position\":1,\"name\":\"Portada\",\"item\":\"https:\/\/spainuscc.org\/es\/\"},{\"@type\":\"ListItem\",\"position\":2,\"name\":\"Servicios\",\"item\":\"https:\/\/spainuscc.org\/es\/servicios\/\"},{\"@type\":\"ListItem\",\"position\":3,\"name\":\"Informaci\u00f3n de Mercado\"}]},{\"@type\":\"WebSite\",\"@id\":\"https:\/\/spainuscc.org\/#website\",\"url\":\"https:\/\/spainuscc.org\/\",\"name\":\"Spain-U.S. Chamber of Commerce\",\"description\":\"We provide our members with practical, measurable business-expansion opportunities by delivering high-caliber networking and targeted-marketing platforms and events.\",\"potentialAction\":[{\"@type\":\"SearchAction\",\"target\":{\"@type\":\"EntryPoint\",\"urlTemplate\":\"https:\/\/spainuscc.org\/?s={search_term_string}\"},\"query-input\":\"required name=search_term_string\"}],\"inLanguage\":\"es\"}]}<\/script>\n<!-- \/ Yoast SEO plugin. -->","yoast_head_json":{"title":"Informaci\u00f3n de Mercado - Spain-U.S. Chamber of Commerce","description":"Informaci\u00f3n y Asesoramiento sobre los Mercados Espa\u00f1ol y Estadounidense. Re\u00fanase con la Spain US Chamber of Commerce para Crear Oportunidades de Negocio.","robots":{"index":"index","follow":"follow","max-snippet":"max-snippet:-1","max-image-preview":"max-image-preview:large","max-video-preview":"max-video-preview:-1"},"canonical":"https:\/\/spainuscc.org\/es\/servicios\/informacion-de-mercado\/","og_locale":"es_ES","og_type":"article","og_title":"Informaci\u00f3n de Mercado - Spain-U.S. Chamber of Commerce","og_description":"Informaci\u00f3n y Asesoramiento sobre los Mercados Espa\u00f1ol y Estadounidense. Re\u00fanase con la Spain US Chamber of Commerce para Crear Oportunidades de Negocio.","og_url":"https:\/\/spainuscc.org\/es\/servicios\/informacion-de-mercado\/","og_site_name":"Spain-U.S. Chamber of Commerce","article_publisher":"https:\/\/www.facebook.com\/spainuschamberofcommerce\/","article_modified_time":"2024-04-05T16:55:25+00:00","og_image":[{"width":1500,"height":844,"url":"https:\/\/spainuscc.org\/wp-content\/uploads\/2023\/12\/Market-Information.jpg","type":"image\/jpeg"}],"twitter_card":"summary_large_image","twitter_site":"@spainuschamber","schema":{"@context":"https:\/\/schema.org","@graph":[{"@type":"WebPage","@id":"https:\/\/spainuscc.org\/es\/servicios\/informacion-de-mercado\/","url":"https:\/\/spainuscc.org\/es\/servicios\/informacion-de-mercado\/","name":"Informaci\u00f3n de Mercado - Spain-U.S. Chamber of Commerce","isPartOf":{"@id":"https:\/\/spainuscc.org\/#website"},"primaryImageOfPage":{"@id":"https:\/\/spainuscc.org\/es\/servicios\/informacion-de-mercado\/#primaryimage"},"image":{"@id":"https:\/\/spainuscc.org\/es\/servicios\/informacion-de-mercado\/#primaryimage"},"thumbnailUrl":"https:\/\/spainuscc.org\/wp-content\/uploads\/2023\/12\/Market-Information.jpg","datePublished":"2023-04-03T07:26:10+00:00","dateModified":"2024-04-05T16:55:25+00:00","description":"Informaci\u00f3n y Asesoramiento sobre los Mercados Espa\u00f1ol y Estadounidense. Re\u00fanase con la Spain US Chamber of Commerce para Crear Oportunidades de Negocio.","breadcrumb":{"@id":"https:\/\/spainuscc.org\/es\/servicios\/informacion-de-mercado\/#breadcrumb"},"inLanguage":"es","potentialAction":[{"@type":"ReadAction","target":["https:\/\/spainuscc.org\/es\/servicios\/informacion-de-mercado\/"]}]},{"@type":"ImageObject","inLanguage":"es","@id":"https:\/\/spainuscc.org\/es\/servicios\/informacion-de-mercado\/#primaryimage","url":"https:\/\/spainuscc.org\/wp-content\/uploads\/2023\/12\/Market-Information.jpg","contentUrl":"https:\/\/spainuscc.org\/wp-content\/uploads\/2023\/12\/Market-Information.jpg","width":1500,"height":844},{"@type":"BreadcrumbList","@id":"https:\/\/spainuscc.org\/es\/servicios\/informacion-de-mercado\/#breadcrumb","itemListElement":[{"@type":"ListItem","position":1,"name":"Portada","item":"https:\/\/spainuscc.org\/es\/"},{"@type":"ListItem","position":2,"name":"Servicios","item":"https:\/\/spainuscc.org\/es\/servicios\/"},{"@type":"ListItem","position":3,"name":"Informaci\u00f3n de Mercado"}]},{"@type":"WebSite","@id":"https:\/\/spainuscc.org\/#website","url":"https:\/\/spainuscc.org\/","name":"Spain-U.S. Chamber of Commerce","description":"We provide our members with practical, measurable business-expansion opportunities by delivering high-caliber networking and targeted-marketing platforms and events.","potentialAction":[{"@type":"SearchAction","target":{"@type":"EntryPoint","urlTemplate":"https:\/\/spainuscc.org\/?s={search_term_string}"},"query-input":"required name=search_term_string"}],"inLanguage":"es"}]}},"_links":{"self":[{"href":"https:\/\/spainuscc.org\/es\/wp-json\/wp\/v2\/pages\/8585"}],"collection":[{"href":"https:\/\/spainuscc.org\/es\/wp-json\/wp\/v2\/pages"}],"about":[{"href":"https:\/\/spainuscc.org\/es\/wp-json\/wp\/v2\/types\/page"}],"author":[{"embeddable":true,"href":"https:\/\/spainuscc.org\/es\/wp-json\/wp\/v2\/users\/334"}],"replies":[{"embeddable":true,"href":"https:\/\/spainuscc.org\/es\/wp-json\/wp\/v2\/comments?post=8585"}],"version-history":[{"count":2,"href":"https:\/\/spainuscc.org\/es\/wp-json\/wp\/v2\/pages\/8585\/revisions"}],"predecessor-version":[{"id":10100,"href":"https:\/\/spainuscc.org\/es\/wp-json\/wp\/v2\/pages\/8585\/revisions\/10100"}],"up":[{"embeddable":true,"href":"https:\/\/spainuscc.org\/es\/wp-json\/wp\/v2\/pages\/8591"}],"wp:featuredmedia":[{"embeddable":true,"href":"https:\/\/spainuscc.org\/es\/wp-json\/wp\/v2\/media\/6457"}],"wp:attachment":[{"href":"https:\/\/spainuscc.org\/es\/wp-json\/wp\/v2\/media?parent=8585"}],"curies":[{"name":"wp","href":"https:\/\/api.w.org\/{rel}","templated":true}]}}