{"id":8577,"date":"2023-03-06T10:51:23","date_gmt":"2023-03-06T10:51:23","guid":{"rendered":"https:\/\/spainuscc.org\/mision\/"},"modified":"2024-05-08T14:23:14","modified_gmt":"2024-05-08T14:23:14","slug":"mision","status":"publish","type":"page","link":"https:\/\/spainuscc.org\/es\/mision\/","title":{"rendered":"Misi\u00f3n"},"content":{"rendered":"","protected":false},"excerpt":{"rendered":"","protected":false},"author":334,"featured_media":0,"parent":0,"menu_order":0,"comment_status":"closed","ping_status":"closed","template":"page-about.php","meta":{"_acf_changed":false,"footnotes":""},"acf":[],"yoast_head":"<!-- This site is optimized with the Yoast SEO plugin v22.5 - https:\/\/yoast.com\/wordpress\/plugins\/seo\/ -->\n<title>Misi\u00f3n - Spain-U.S. Chamber of Commerce<\/title>\n<meta name=\"description\" content=\"Lea la Misi\u00f3n de Spain US Chamber of Commerce. Crea Socios Comerciales entre Estados Unidos y Espa\u00f1a.\" \/>\n<meta name=\"robots\" content=\"index, follow, max-snippet:-1, max-image-preview:large, max-video-preview:-1\" \/>\n<link rel=\"canonical\" href=\"https:\/\/spainuscc.org\/es\/mision\/\" \/>\n<meta property=\"og:locale\" content=\"es_ES\" \/>\n<meta property=\"og:type\" content=\"article\" \/>\n<meta property=\"og:title\" content=\"Misi\u00f3n - Spain-U.S. Chamber of Commerce\" \/>\n<meta property=\"og:description\" content=\"Lea la Misi\u00f3n de Spain US Chamber of Commerce. Crea Socios Comerciales entre Estados Unidos y Espa\u00f1a.\" \/>\n<meta property=\"og:url\" content=\"https:\/\/spainuscc.org\/es\/mision\/\" \/>\n<meta property=\"og:site_name\" content=\"Spain-U.S. Chamber of Commerce\" \/>\n<meta property=\"article:publisher\" content=\"https:\/\/www.facebook.com\/spainuschamberofcommerce\/\" \/>\n<meta property=\"article:modified_time\" content=\"2024-05-08T14:23:14+00:00\" \/>\n<meta name=\"twitter:card\" content=\"summary_large_image\" \/>\n<meta name=\"twitter:site\" content=\"@spainuschamber\" \/>\n<script type=\"application\/ld+json\" class=\"yoast-schema-graph\">{\"@context\":\"https:\/\/schema.org\",\"@graph\":[{\"@type\":\"WebPage\",\"@id\":\"https:\/\/spainuscc.org\/es\/mision\/\",\"url\":\"https:\/\/spainuscc.org\/es\/mision\/\",\"name\":\"Misi\u00f3n - Spain-U.S. Chamber of Commerce\",\"isPartOf\":{\"@id\":\"https:\/\/spainuscc.org\/#website\"},\"datePublished\":\"2023-03-06T10:51:23+00:00\",\"dateModified\":\"2024-05-08T14:23:14+00:00\",\"description\":\"Lea la Misi\u00f3n de Spain US Chamber of Commerce. Crea Socios Comerciales entre Estados Unidos y Espa\u00f1a.\",\"breadcrumb\":{\"@id\":\"https:\/\/spainuscc.org\/es\/mision\/#breadcrumb\"},\"inLanguage\":\"es\",\"potentialAction\":[{\"@type\":\"ReadAction\",\"target\":[\"https:\/\/spainuscc.org\/es\/mision\/\"]}]},{\"@type\":\"BreadcrumbList\",\"@id\":\"https:\/\/spainuscc.org\/es\/mision\/#breadcrumb\",\"itemListElement\":[{\"@type\":\"ListItem\",\"position\":1,\"name\":\"Portada\",\"item\":\"https:\/\/spainuscc.org\/es\/\"},{\"@type\":\"ListItem\",\"position\":2,\"name\":\"Misi\u00f3n\"}]},{\"@type\":\"WebSite\",\"@id\":\"https:\/\/spainuscc.org\/#website\",\"url\":\"https:\/\/spainuscc.org\/\",\"name\":\"Spain-U.S. Chamber of Commerce\",\"description\":\"We provide our members with practical, measurable business-expansion opportunities by delivering high-caliber networking and targeted-marketing platforms and events.\",\"potentialAction\":[{\"@type\":\"SearchAction\",\"target\":{\"@type\":\"EntryPoint\",\"urlTemplate\":\"https:\/\/spainuscc.org\/?s={search_term_string}\"},\"query-input\":\"required name=search_term_string\"}],\"inLanguage\":\"es\"}]}<\/script>\n<!-- \/ Yoast SEO plugin. -->","yoast_head_json":{"title":"Misi\u00f3n - Spain-U.S. Chamber of Commerce","description":"Lea la Misi\u00f3n de Spain US Chamber of Commerce. Crea Socios Comerciales entre Estados Unidos y Espa\u00f1a.","robots":{"index":"index","follow":"follow","max-snippet":"max-snippet:-1","max-image-preview":"max-image-preview:large","max-video-preview":"max-video-preview:-1"},"canonical":"https:\/\/spainuscc.org\/es\/mision\/","og_locale":"es_ES","og_type":"article","og_title":"Misi\u00f3n - Spain-U.S. Chamber of Commerce","og_description":"Lea la Misi\u00f3n de Spain US Chamber of Commerce. Crea Socios Comerciales entre Estados Unidos y Espa\u00f1a.","og_url":"https:\/\/spainuscc.org\/es\/mision\/","og_site_name":"Spain-U.S. Chamber of Commerce","article_publisher":"https:\/\/www.facebook.com\/spainuschamberofcommerce\/","article_modified_time":"2024-05-08T14:23:14+00:00","twitter_card":"summary_large_image","twitter_site":"@spainuschamber","schema":{"@context":"https:\/\/schema.org","@graph":[{"@type":"WebPage","@id":"https:\/\/spainuscc.org\/es\/mision\/","url":"https:\/\/spainuscc.org\/es\/mision\/","name":"Misi\u00f3n - Spain-U.S. Chamber of Commerce","isPartOf":{"@id":"https:\/\/spainuscc.org\/#website"},"datePublished":"2023-03-06T10:51:23+00:00","dateModified":"2024-05-08T14:23:14+00:00","description":"Lea la Misi\u00f3n de Spain US Chamber of Commerce. Crea Socios Comerciales entre Estados Unidos y Espa\u00f1a.","breadcrumb":{"@id":"https:\/\/spainuscc.org\/es\/mision\/#breadcrumb"},"inLanguage":"es","potentialAction":[{"@type":"ReadAction","target":["https:\/\/spainuscc.org\/es\/mision\/"]}]},{"@type":"BreadcrumbList","@id":"https:\/\/spainuscc.org\/es\/mision\/#breadcrumb","itemListElement":[{"@type":"ListItem","position":1,"name":"Portada","item":"https:\/\/spainuscc.org\/es\/"},{"@type":"ListItem","position":2,"name":"Misi\u00f3n"}]},{"@type":"WebSite","@id":"https:\/\/spainuscc.org\/#website","url":"https:\/\/spainuscc.org\/","name":"Spain-U.S. Chamber of Commerce","description":"We provide our members with practical, measurable business-expansion opportunities by delivering high-caliber networking and targeted-marketing platforms and events.","potentialAction":[{"@type":"SearchAction","target":{"@type":"EntryPoint","urlTemplate":"https:\/\/spainuscc.org\/?s={search_term_string}"},"query-input":"required name=search_term_string"}],"inLanguage":"es"}]}},"_links":{"self":[{"href":"https:\/\/spainuscc.org\/es\/wp-json\/wp\/v2\/pages\/8577"}],"collection":[{"href":"https:\/\/spainuscc.org\/es\/wp-json\/wp\/v2\/pages"}],"about":[{"href":"https:\/\/spainuscc.org\/es\/wp-json\/wp\/v2\/types\/page"}],"author":[{"embeddable":true,"href":"https:\/\/spainuscc.org\/es\/wp-json\/wp\/v2\/users\/334"}],"replies":[{"embeddable":true,"href":"https:\/\/spainuscc.org\/es\/wp-json\/wp\/v2\/comments?post=8577"}],"version-history":[{"count":3,"href":"https:\/\/spainuscc.org\/es\/wp-json\/wp\/v2\/pages\/8577\/revisions"}],"predecessor-version":[{"id":10162,"href":"https:\/\/spainuscc.org\/es\/wp-json\/wp\/v2\/pages\/8577\/revisions\/10162"}],"wp:attachment":[{"href":"https:\/\/spainuscc.org\/es\/wp-json\/wp\/v2\/media?parent=8577"}],"curies":[{"name":"wp","href":"https:\/\/api.w.org\/{rel}","templated":true}]}}