{"id":10077,"date":"2023-07-06T14:04:07","date_gmt":"2023-07-06T14:04:07","guid":{"rendered":"https:\/\/spainuscc.org\/noticias-de-los-miembros\/"},"modified":"2023-07-06T14:04:07","modified_gmt":"2023-07-06T14:04:07","slug":"noticias-de-los-miembros","status":"publish","type":"page","link":"https:\/\/spainuscc.org\/es\/noticias-de-los-miembros\/","title":{"rendered":"Noticias de los Miembros"},"content":{"rendered":"","protected":false},"excerpt":{"rendered":"","protected":false},"author":2,"featured_media":0,"parent":0,"menu_order":0,"comment_status":"closed","ping_status":"closed","template":"page-blog.php","meta":{"_acf_changed":false,"footnotes":""},"acf":[],"yoast_head":"<!-- This site is optimized with the Yoast SEO plugin v22.5 - https:\/\/yoast.com\/wordpress\/plugins\/seo\/ -->\n<title>Noticias de los Miembros &amp; News - Spain-U.S. Chamber of Commerce<\/title>\n<meta name=\"description\" content=\"Descubra las \u00faltimas noticias en nuestro portal C\u00e1mara de comercio espa\u00f1ola en EEUU. Encuentre informaci\u00f3n sobre nuestros eventos, inversiones en Espa\u00f1a y Estados Unidos y mucho m\u00e1s.\" \/>\n<meta name=\"robots\" content=\"index, follow, max-snippet:-1, max-image-preview:large, max-video-preview:-1\" \/>\n<link rel=\"canonical\" href=\"https:\/\/spainuscc.org\/es\/noticias-de-los-miembros\/\" \/>\n<meta property=\"og:locale\" content=\"es_ES\" \/>\n<meta property=\"og:type\" content=\"article\" \/>\n<meta property=\"og:title\" content=\"Noticias de los Miembros &amp; News - Spain-U.S. Chamber of Commerce\" \/>\n<meta property=\"og:description\" content=\"Descubra las \u00faltimas noticias en nuestro portal C\u00e1mara de comercio espa\u00f1ola en EEUU. Encuentre informaci\u00f3n sobre nuestros eventos, inversiones en Espa\u00f1a y Estados Unidos y mucho m\u00e1s.\" \/>\n<meta property=\"og:url\" content=\"https:\/\/spainuscc.org\/es\/noticias-de-los-miembros\/\" \/>\n<meta property=\"og:site_name\" content=\"Spain-U.S. Chamber of Commerce\" \/>\n<meta property=\"article:publisher\" content=\"https:\/\/www.facebook.com\/spainuschamberofcommerce\/\" \/>\n<meta name=\"twitter:card\" content=\"summary_large_image\" \/>\n<meta name=\"twitter:site\" content=\"@spainuschamber\" \/>\n<script type=\"application\/ld+json\" class=\"yoast-schema-graph\">{\"@context\":\"https:\/\/schema.org\",\"@graph\":[{\"@type\":\"WebPage\",\"@id\":\"https:\/\/spainuscc.org\/es\/noticias-de-los-miembros\/\",\"url\":\"https:\/\/spainuscc.org\/es\/noticias-de-los-miembros\/\",\"name\":\"Noticias de los Miembros & News - Spain-U.S. Chamber of Commerce\",\"isPartOf\":{\"@id\":\"https:\/\/spainuscc.org\/#website\"},\"datePublished\":\"2023-07-06T14:04:07+00:00\",\"dateModified\":\"2023-07-06T14:04:07+00:00\",\"description\":\"Descubra las \u00faltimas noticias en nuestro portal C\u00e1mara de comercio espa\u00f1ola en EEUU. Encuentre informaci\u00f3n sobre nuestros eventos, inversiones en Espa\u00f1a y Estados Unidos y mucho m\u00e1s.\",\"breadcrumb\":{\"@id\":\"https:\/\/spainuscc.org\/es\/noticias-de-los-miembros\/#breadcrumb\"},\"inLanguage\":\"es\",\"potentialAction\":[{\"@type\":\"ReadAction\",\"target\":[\"https:\/\/spainuscc.org\/es\/noticias-de-los-miembros\/\"]}]},{\"@type\":\"BreadcrumbList\",\"@id\":\"https:\/\/spainuscc.org\/es\/noticias-de-los-miembros\/#breadcrumb\",\"itemListElement\":[{\"@type\":\"ListItem\",\"position\":1,\"name\":\"Portada\",\"item\":\"https:\/\/spainuscc.org\/es\/\"},{\"@type\":\"ListItem\",\"position\":2,\"name\":\"Noticias de los Miembros\"}]},{\"@type\":\"WebSite\",\"@id\":\"https:\/\/spainuscc.org\/#website\",\"url\":\"https:\/\/spainuscc.org\/\",\"name\":\"Spain-U.S. Chamber of Commerce\",\"description\":\"We provide our members with practical, measurable business-expansion opportunities by delivering high-caliber networking and targeted-marketing platforms and events.\",\"potentialAction\":[{\"@type\":\"SearchAction\",\"target\":{\"@type\":\"EntryPoint\",\"urlTemplate\":\"https:\/\/spainuscc.org\/?s={search_term_string}\"},\"query-input\":\"required name=search_term_string\"}],\"inLanguage\":\"es\"}]}<\/script>\n<!-- \/ Yoast SEO plugin. -->","yoast_head_json":{"title":"Noticias de los Miembros & News - Spain-U.S. Chamber of Commerce","description":"Descubra las \u00faltimas noticias en nuestro portal C\u00e1mara de comercio espa\u00f1ola en EEUU. Encuentre informaci\u00f3n sobre nuestros eventos, inversiones en Espa\u00f1a y Estados Unidos y mucho m\u00e1s.","robots":{"index":"index","follow":"follow","max-snippet":"max-snippet:-1","max-image-preview":"max-image-preview:large","max-video-preview":"max-video-preview:-1"},"canonical":"https:\/\/spainuscc.org\/es\/noticias-de-los-miembros\/","og_locale":"es_ES","og_type":"article","og_title":"Noticias de los Miembros & News - Spain-U.S. Chamber of Commerce","og_description":"Descubra las \u00faltimas noticias en nuestro portal C\u00e1mara de comercio espa\u00f1ola en EEUU. Encuentre informaci\u00f3n sobre nuestros eventos, inversiones en Espa\u00f1a y Estados Unidos y mucho m\u00e1s.","og_url":"https:\/\/spainuscc.org\/es\/noticias-de-los-miembros\/","og_site_name":"Spain-U.S. Chamber of Commerce","article_publisher":"https:\/\/www.facebook.com\/spainuschamberofcommerce\/","twitter_card":"summary_large_image","twitter_site":"@spainuschamber","schema":{"@context":"https:\/\/schema.org","@graph":[{"@type":"WebPage","@id":"https:\/\/spainuscc.org\/es\/noticias-de-los-miembros\/","url":"https:\/\/spainuscc.org\/es\/noticias-de-los-miembros\/","name":"Noticias de los Miembros & News - Spain-U.S. Chamber of Commerce","isPartOf":{"@id":"https:\/\/spainuscc.org\/#website"},"datePublished":"2023-07-06T14:04:07+00:00","dateModified":"2023-07-06T14:04:07+00:00","description":"Descubra las \u00faltimas noticias en nuestro portal C\u00e1mara de comercio espa\u00f1ola en EEUU. Encuentre informaci\u00f3n sobre nuestros eventos, inversiones en Espa\u00f1a y Estados Unidos y mucho m\u00e1s.","breadcrumb":{"@id":"https:\/\/spainuscc.org\/es\/noticias-de-los-miembros\/#breadcrumb"},"inLanguage":"es","potentialAction":[{"@type":"ReadAction","target":["https:\/\/spainuscc.org\/es\/noticias-de-los-miembros\/"]}]},{"@type":"BreadcrumbList","@id":"https:\/\/spainuscc.org\/es\/noticias-de-los-miembros\/#breadcrumb","itemListElement":[{"@type":"ListItem","position":1,"name":"Portada","item":"https:\/\/spainuscc.org\/es\/"},{"@type":"ListItem","position":2,"name":"Noticias de los Miembros"}]},{"@type":"WebSite","@id":"https:\/\/spainuscc.org\/#website","url":"https:\/\/spainuscc.org\/","name":"Spain-U.S. Chamber of Commerce","description":"We provide our members with practical, measurable business-expansion opportunities by delivering high-caliber networking and targeted-marketing platforms and events.","potentialAction":[{"@type":"SearchAction","target":{"@type":"EntryPoint","urlTemplate":"https:\/\/spainuscc.org\/?s={search_term_string}"},"query-input":"required name=search_term_string"}],"inLanguage":"es"}]}},"_links":{"self":[{"href":"https:\/\/spainuscc.org\/es\/wp-json\/wp\/v2\/pages\/10077"}],"collection":[{"href":"https:\/\/spainuscc.org\/es\/wp-json\/wp\/v2\/pages"}],"about":[{"href":"https:\/\/spainuscc.org\/es\/wp-json\/wp\/v2\/types\/page"}],"author":[{"embeddable":true,"href":"https:\/\/spainuscc.org\/es\/wp-json\/wp\/v2\/users\/2"}],"replies":[{"embeddable":true,"href":"https:\/\/spainuscc.org\/es\/wp-json\/wp\/v2\/comments?post=10077"}],"version-history":[{"count":0,"href":"https:\/\/spainuscc.org\/es\/wp-json\/wp\/v2\/pages\/10077\/revisions"}],"wp:attachment":[{"href":"https:\/\/spainuscc.org\/es\/wp-json\/wp\/v2\/media?parent=10077"}],"curies":[{"name":"wp","href":"https:\/\/api.w.org\/{rel}","templated":true}]}}